{"id":4213,"date":"2024-02-19T08:43:36","date_gmt":"2024-02-19T07:43:36","guid":{"rendered":"https:\/\/rmmedia.hu\/?post_type=product&#038;p=4213"},"modified":"2024-02-19T08:49:18","modified_gmt":"2024-02-19T07:49:18","slug":"baranya-varmegye-cegadatbazis","status":"publish","type":"product","link":"https:\/\/rmmedia.hu\/en\/product\/baranya-varmegye-cegadatbazis\/","title":{"rendered":"Baranya V\u00e1rmegye C\u00e9gadatb\u00e1zis"},"content":{"rendered":"<p>Mire j\u00f3 az adatb\u00e1zis :<\/p>\n<ol>\n<li><strong>\u00daj \u00fcgyfelek megszerz\u00e9se<\/strong>: A c\u00e9ges adatb\u00e1zisok seg\u00edts\u00e9g\u00e9vel k\u00f6nnyed\u00e9n megtal\u00e1lhatja azokat a v\u00e1llalkoz\u00e1sokat, amelyeknek sz\u00fcks\u00e9g\u00fck lehet az \u00d6n term\u00e9keire vagy szolg\u00e1ltat\u00e1saira.<\/li>\n<li><strong>C\u00e9lzottabb marketing<\/strong>: A c\u00e9ges adatb\u00e1zisokkal c\u00e9lzottabb marketingkamp\u00e1nyokat ind\u00edthat, amelyek hat\u00e9konyabbak lehetnek, mint a sz\u00e9lesebb k\u00f6r\u0171 kamp\u00e1nyok.<\/li>\n<li><strong>K\u00f6lts\u00e9ghat\u00e9konyabb marketing<\/strong>: A c\u00e9ges adatb\u00e1zisokkal c\u00e9lzottabb \u00e9s hat\u00e9konyabb marketingkamp\u00e1nyokat ind\u00edthat, amelyekkel id\u0151t \u00e9s p\u00e9nzt takar\u00edthat meg.<\/li>\n<li><strong>Versenyel\u0151ny<\/strong>: A c\u00e9ges adatb\u00e1zisokkal versenyel\u0151nyre tehet szert azzal, hogy jobban megismeri a piacot \u00e9s a versenyt\u00e1rsakat.<\/li>\n<li><strong>N\u00f6vekv\u0151 \u00e9rt\u00e9kes\u00edt\u00e9s<\/strong>: A c\u00e9ges adatb\u00e1zisokkal n\u00f6velheti az \u00e9rt\u00e9kes\u00edt\u00e9st, mivel k\u00f6nnyebben megtal\u00e1lhatja azokat a v\u00e1llalkoz\u00e1sokat, amelyeknek sz\u00fcks\u00e9g\u00fck lehet az \u00d6n term\u00e9keire vagy szolg\u00e1ltat\u00e1saira.<\/li>\n<li><strong>Jobb \u00fcgyf\u00e9lkapcsolatok<\/strong>: A c\u00e9ges adatb\u00e1zisokkal jobb \u00fcgyf\u00e9lkapcsolatokat \u00e9p\u00edthet ki, mivel c\u00e9lzottabb \u00e9s szem\u00e9lyre szabottabb aj\u00e1nlatokat tud k\u00e9sz\u00edteni.<\/li>\n<li><strong>N\u00f6vekv\u0151 bev\u00e9tel<\/strong>: A c\u00e9ges adatb\u00e1zisokkal n\u00f6velheti bev\u00e9tel\u00e9t, mivel c\u00e9lzottabb \u00e9s hat\u00e9konyabb marketingkamp\u00e1nyokat ind\u00edthat.<\/li>\n<li><strong>N\u00f6vekv\u0151 piaci r\u00e9szesed\u00e9s<\/strong>: A c\u00e9ges adatb\u00e1zisokkal n\u00f6velheti a piaci r\u00e9szesed\u00e9st, mivel c\u00e9lzottabb \u00e9s hat\u00e9konyabb marketingkamp\u00e1nyokat ind\u00edthat.<\/li>\n<li><strong>N\u00f6vekv\u0151 m\u00e1rkah\u0171s\u00e9g<\/strong>: A c\u00e9ges adatb\u00e1zisokkal n\u00f6velheti a m\u00e1rkah\u0171s\u00e9get, mivel c\u00e9lzottabb \u00e9s szem\u00e9lyre szabottabb aj\u00e1nlatokat tud k\u00e9sz\u00edteni.<\/li>\n<li><strong>N\u00f6vekv\u0151 \u00fczleti h\u00e1l\u00f3zat<\/strong>: A c\u00e9ges adatb\u00e1zisokkal n\u00f6velheti az \u00fczleti h\u00e1l\u00f3zat\u00e1t, mivel k\u00f6nnyebben megtal\u00e1lhatja azokat a v\u00e1llalkoz\u00e1sokat, amelyekkel egy\u00fcttm\u0171k\u00f6dhet.<\/li>\n<\/ol>\n<p>Rem\u00e9lem, hogy ezek az indokok seg\u00edtenek a v\u00e1llalkoz\u00e1sodnak a c\u00e9lzottabb \u00e9s hat\u00e9konyabb marketingkamp\u00e1nyok ind\u00edt\u00e1s\u00e1ban. Ha tov\u00e1bbi seg\u00edts\u00e9gre van sz\u00fcks\u00e9ged, ne habozz, keress minket b\u00e1tran! <img decoding=\"async\" class=\"an1\" src=\"https:\/\/fonts.gstatic.com\/s\/e\/notoemoji\/15.0\/1f60a\/32.png\" alt=\"\ud83d\ude0a\" data-emoji=\"\ud83d\ude0a\" aria-label=\"\ud83d\ude0a\" \/><\/p>","protected":false},"excerpt":{"rendered":"<p>Baranya V\u00e1rmegye teljes c\u00e9g-adatb\u00e1zisa!<\/p>\n<p>M\u0171k\u00f6d\u0151 V\u00e1llalkoz\u00e1sok: 13 252 db<\/p>\n<p>Telefonsz\u00e1mmal rendelkez\u0151k: 1 735 db<\/p>\n<p>E-mail-el rendelkez\u0151k: 10 137 db<\/p>","protected":false},"featured_media":4060,"comment_status":"open","ping_status":"closed","template":"","meta":{"site-sidebar-layout":"default","site-content-layout":"","ast-site-content-layout":"default","site-content-style":"default","site-sidebar-style":"default","ast-global-header-display":"","ast-banner-title-visibility":"","ast-main-header-display":"","ast-hfb-above-header-display":"","ast-hfb-below-header-display":"","ast-hfb-mobile-header-display":"","site-post-title":"","ast-breadcrumbs-content":"","ast-featured-img":"","footer-sml-layout":"","theme-transparent-header-meta":"default","adv-header-id-meta":"","stick-header-meta":"","header-above-stick-meta":"","header-main-stick-meta":"","header-below-stick-meta":"","astra-migrate-meta-layouts":"set","ast-page-background-enabled":"default","ast-page-background-meta":{"desktop":{"background-color":"var(--ast-global-color-4)","background-image":"","background-repeat":"repeat","background-position":"center center","background-size":"auto","background-attachment":"scroll","background-type":"","background-media":"","overlay-type":"","overlay-color":"","overlay-opacity":"","overlay-gradient":""},"tablet":{"background-color":"","background-image":"","background-repeat":"repeat","background-position":"center center","background-size":"auto","background-attachment":"scroll","background-type":"","background-media":"","overlay-type":"","overlay-color":"","overlay-opacity":"","overlay-gradient":""},"mobile":{"background-color":"","background-image":"","background-repeat":"repeat","background-position":"center center","background-size":"auto","background-attachment":"scroll","background-type":"","background-media":"","overlay-type":"","overlay-color":"","overlay-opacity":"","overlay-gradient":""}},"ast-content-background-meta":{"desktop":{"background-color":"var(--ast-global-color-5)","background-image":"","background-repeat":"repeat","background-position":"center center","background-size":"auto","background-attachment":"scroll","background-type":"","background-media":"","overlay-type":"","overlay-color":"","overlay-opacity":"","overlay-gradient":""},"tablet":{"background-color":"var(--ast-global-color-5)","background-image":"","background-repeat":"repeat","background-position":"center center","background-size":"auto","background-attachment":"scroll","background-type":"","background-media":"","overlay-type":"","overlay-color":"","overlay-opacity":"","overlay-gradient":""},"mobile":{"background-color":"var(--ast-global-color-5)","background-image":"","background-repeat":"repeat","background-position":"center center","background-size":"auto","background-attachment":"scroll","background-type":"","background-media":"","overlay-type":"","overlay-color":"","overlay-opacity":"","overlay-gradient":""}}},"product_brand":[],"product_cat":[53,86],"product_tag":[],"class_list":{"0":"post-4213","1":"product","2":"type-product","3":"status-publish","4":"has-post-thumbnail","6":"product_cat-magyar_cegadatbazis","7":"product_cat-varmegyek","8":"desktop-align-left","9":"tablet-align-left","10":"mobile-align-left","12":"first","13":"instock","14":"downloadable","15":"virtual","16":"taxable","17":"purchasable","18":"product-type-simple"},"yoast_head":"<!-- This site is optimized with the Yoast SEO Premium plugin v23.2 (Yoast SEO v23.2) - https:\/\/yoast.com\/wordpress\/plugins\/seo\/ -->\n<title>Baranya V\u00e1rmegye C\u00e9gadatb\u00e1zis - RM Media<\/title>\n<meta name=\"robots\" content=\"index, follow, max-snippet:-1, max-image-preview:large, max-video-preview:-1\" \/>\n<link rel=\"canonical\" href=\"https:\/\/rmmedia.hu\/en\/product\/baranya-varmegye-cegadatbazis\/\" \/>\n<meta property=\"og:locale\" content=\"en_GB\" \/>\n<meta property=\"og:type\" content=\"article\" \/>\n<meta property=\"og:title\" content=\"Baranya V\u00e1rmegye C\u00e9gadatb\u00e1zis\" \/>\n<meta property=\"og:description\" content=\"Baranya V\u00e1rmegye teljes c\u00e9g-adatb\u00e1zisa!  M\u0171k\u00f6d\u0151 V\u00e1llalkoz\u00e1sok: 13 252 db  Telefonsz\u00e1mmal rendelkez\u0151k: 1 735 db  E-mail-el rendelkez\u0151k: 10 137 db\" \/>\n<meta property=\"og:url\" content=\"https:\/\/rmmedia.hu\/en\/product\/baranya-varmegye-cegadatbazis\/\" \/>\n<meta property=\"og:site_name\" content=\"RM Media\" \/>\n<meta property=\"article:modified_time\" content=\"2024-02-19T07:49:18+00:00\" \/>\n<meta property=\"og:image\" content=\"https:\/\/rmmedia.hu\/wp-content\/uploads\/2024\/01\/Green-Dark-Blue-And-White-Geometric-Illustrative-Database-Management-Services-Instagram-Post-3-1.png\" \/>\n\t<meta property=\"og:image:width\" content=\"810\" \/>\n\t<meta property=\"og:image:height\" content=\"810\" \/>\n\t<meta property=\"og:image:type\" content=\"image\/png\" \/>\n<meta name=\"twitter:card\" content=\"summary_large_image\" \/>\n<meta name=\"twitter:label1\" content=\"Estimated reading time\" \/>\n\t<meta name=\"twitter:data1\" content=\"2 minutes\" \/>\n<script type=\"application\/ld+json\" class=\"yoast-schema-graph\">{\"@context\":\"https:\/\/schema.org\",\"@graph\":[{\"@type\":\"WebPage\",\"@id\":\"https:\/\/rmmedia.hu\/termek\/baranya-varmegye-cegadatbazis\/\",\"url\":\"https:\/\/rmmedia.hu\/termek\/baranya-varmegye-cegadatbazis\/\",\"name\":\"Baranya V\u00e1rmegye C\u00e9gadatb\u00e1zis - RM Media\",\"isPartOf\":{\"@id\":\"https:\/\/rmmedia.hu\/#website\"},\"primaryImageOfPage\":{\"@id\":\"https:\/\/rmmedia.hu\/termek\/baranya-varmegye-cegadatbazis\/#primaryimage\"},\"image\":{\"@id\":\"https:\/\/rmmedia.hu\/termek\/baranya-varmegye-cegadatbazis\/#primaryimage\"},\"thumbnailUrl\":\"https:\/\/rmmedia.hu\/wp-content\/uploads\/2024\/01\/Green-Dark-Blue-And-White-Geometric-Illustrative-Database-Management-Services-Instagram-Post-3-1.png\",\"datePublished\":\"2024-02-19T07:43:36+00:00\",\"dateModified\":\"2024-02-19T07:49:18+00:00\",\"breadcrumb\":{\"@id\":\"https:\/\/rmmedia.hu\/termek\/baranya-varmegye-cegadatbazis\/#breadcrumb\"},\"inLanguage\":\"en-GB\",\"potentialAction\":[{\"@type\":\"ReadAction\",\"target\":[\"https:\/\/rmmedia.hu\/termek\/baranya-varmegye-cegadatbazis\/\"]}]},{\"@type\":\"ImageObject\",\"inLanguage\":\"en-GB\",\"@id\":\"https:\/\/rmmedia.hu\/termek\/baranya-varmegye-cegadatbazis\/#primaryimage\",\"url\":\"https:\/\/rmmedia.hu\/wp-content\/uploads\/2024\/01\/Green-Dark-Blue-And-White-Geometric-Illustrative-Database-Management-Services-Instagram-Post-3-1.png\",\"contentUrl\":\"https:\/\/rmmedia.hu\/wp-content\/uploads\/2024\/01\/Green-Dark-Blue-And-White-Geometric-Illustrative-Database-Management-Services-Instagram-Post-3-1.png\",\"width\":810,\"height\":810},{\"@type\":\"BreadcrumbList\",\"@id\":\"https:\/\/rmmedia.hu\/termek\/baranya-varmegye-cegadatbazis\/#breadcrumb\",\"itemListElement\":[{\"@type\":\"ListItem\",\"position\":1,\"name\":\"Kezd\u0151lap\",\"item\":\"https:\/\/rmmedia.hu\/\"},{\"@type\":\"ListItem\",\"position\":2,\"name\":\"\u00dczlet\",\"item\":\"https:\/\/rmmedia.hu\/uzlet\/\"},{\"@type\":\"ListItem\",\"position\":3,\"name\":\"Baranya V\u00e1rmegye C\u00e9gadatb\u00e1zis\"}]},{\"@type\":\"WebSite\",\"@id\":\"https:\/\/rmmedia.hu\/#website\",\"url\":\"https:\/\/rmmedia.hu\/\",\"name\":\"RM Media\",\"description\":\"V\u00e1llalatokat \u00e9p\u00edt\u00fcnk!\",\"publisher\":{\"@id\":\"https:\/\/rmmedia.hu\/#\/schema\/person\/0fb2902edbeb0672eb46b8d6d6801264\"},\"potentialAction\":[{\"@type\":\"SearchAction\",\"target\":{\"@type\":\"EntryPoint\",\"urlTemplate\":\"https:\/\/rmmedia.hu\/?s={search_term_string}\"},\"query-input\":\"required name=search_term_string\"}],\"inLanguage\":\"en-GB\"},{\"@type\":[\"Person\",\"Organization\"],\"@id\":\"https:\/\/rmmedia.hu\/#\/schema\/person\/0fb2902edbeb0672eb46b8d6d6801264\",\"name\":\"rmmedia\",\"image\":{\"@type\":\"ImageObject\",\"inLanguage\":\"en-GB\",\"@id\":\"https:\/\/rmmedia.hu\/#\/schema\/person\/image\/\",\"url\":\"https:\/\/rmmedia.hu\/wp-content\/uploads\/2021\/07\/RM-logo-kek.png\",\"contentUrl\":\"https:\/\/rmmedia.hu\/wp-content\/uploads\/2021\/07\/RM-logo-kek.png\",\"width\":845,\"height\":845,\"caption\":\"rmmedia\"},\"logo\":{\"@id\":\"https:\/\/rmmedia.hu\/#\/schema\/person\/image\/\"},\"description\":\"The Boss\",\"sameAs\":[\"http:\/\/rmmedia.hu\"]}]}<\/script>\n<!-- \/ Yoast SEO Premium plugin. -->","yoast_head_json":{"title":"Baranya V\u00e1rmegye C\u00e9gadatb\u00e1zis - RM Media","robots":{"index":"index","follow":"follow","max-snippet":"max-snippet:-1","max-image-preview":"max-image-preview:large","max-video-preview":"max-video-preview:-1"},"canonical":"https:\/\/rmmedia.hu\/en\/product\/baranya-varmegye-cegadatbazis\/","og_locale":"en_GB","og_type":"article","og_title":"Baranya V\u00e1rmegye C\u00e9gadatb\u00e1zis","og_description":"Baranya V\u00e1rmegye teljes c\u00e9g-adatb\u00e1zisa!  M\u0171k\u00f6d\u0151 V\u00e1llalkoz\u00e1sok: 13 252 db  Telefonsz\u00e1mmal rendelkez\u0151k: 1 735 db  E-mail-el rendelkez\u0151k: 10 137 db","og_url":"https:\/\/rmmedia.hu\/en\/product\/baranya-varmegye-cegadatbazis\/","og_site_name":"RM Media","article_modified_time":"2024-02-19T07:49:18+00:00","og_image":[{"width":810,"height":810,"url":"https:\/\/rmmedia.hu\/wp-content\/uploads\/2024\/01\/Green-Dark-Blue-And-White-Geometric-Illustrative-Database-Management-Services-Instagram-Post-3-1.png","type":"image\/png"}],"twitter_card":"summary_large_image","twitter_misc":{"Estimated reading time":"2 minutes"},"schema":{"@context":"https:\/\/schema.org","@graph":[{"@type":"WebPage","@id":"https:\/\/rmmedia.hu\/termek\/baranya-varmegye-cegadatbazis\/","url":"https:\/\/rmmedia.hu\/termek\/baranya-varmegye-cegadatbazis\/","name":"Baranya V\u00e1rmegye C\u00e9gadatb\u00e1zis - RM Media","isPartOf":{"@id":"https:\/\/rmmedia.hu\/#website"},"primaryImageOfPage":{"@id":"https:\/\/rmmedia.hu\/termek\/baranya-varmegye-cegadatbazis\/#primaryimage"},"image":{"@id":"https:\/\/rmmedia.hu\/termek\/baranya-varmegye-cegadatbazis\/#primaryimage"},"thumbnailUrl":"https:\/\/rmmedia.hu\/wp-content\/uploads\/2024\/01\/Green-Dark-Blue-And-White-Geometric-Illustrative-Database-Management-Services-Instagram-Post-3-1.png","datePublished":"2024-02-19T07:43:36+00:00","dateModified":"2024-02-19T07:49:18+00:00","breadcrumb":{"@id":"https:\/\/rmmedia.hu\/termek\/baranya-varmegye-cegadatbazis\/#breadcrumb"},"inLanguage":"en-GB","potentialAction":[{"@type":"ReadAction","target":["https:\/\/rmmedia.hu\/termek\/baranya-varmegye-cegadatbazis\/"]}]},{"@type":"ImageObject","inLanguage":"en-GB","@id":"https:\/\/rmmedia.hu\/termek\/baranya-varmegye-cegadatbazis\/#primaryimage","url":"https:\/\/rmmedia.hu\/wp-content\/uploads\/2024\/01\/Green-Dark-Blue-And-White-Geometric-Illustrative-Database-Management-Services-Instagram-Post-3-1.png","contentUrl":"https:\/\/rmmedia.hu\/wp-content\/uploads\/2024\/01\/Green-Dark-Blue-And-White-Geometric-Illustrative-Database-Management-Services-Instagram-Post-3-1.png","width":810,"height":810},{"@type":"BreadcrumbList","@id":"https:\/\/rmmedia.hu\/termek\/baranya-varmegye-cegadatbazis\/#breadcrumb","itemListElement":[{"@type":"ListItem","position":1,"name":"Kezd\u0151lap","item":"https:\/\/rmmedia.hu\/"},{"@type":"ListItem","position":2,"name":"\u00dczlet","item":"https:\/\/rmmedia.hu\/uzlet\/"},{"@type":"ListItem","position":3,"name":"Baranya V\u00e1rmegye C\u00e9gadatb\u00e1zis"}]},{"@type":"WebSite","@id":"https:\/\/rmmedia.hu\/#website","url":"https:\/\/rmmedia.hu\/","name":"RM Media","description":"We build companies!","publisher":{"@id":"https:\/\/rmmedia.hu\/#\/schema\/person\/0fb2902edbeb0672eb46b8d6d6801264"},"potentialAction":[{"@type":"SearchAction","target":{"@type":"EntryPoint","urlTemplate":"https:\/\/rmmedia.hu\/?s={search_term_string}"},"query-input":"required name=search_term_string"}],"inLanguage":"en-GB"},{"@type":["Person","Organization"],"@id":"https:\/\/rmmedia.hu\/#\/schema\/person\/0fb2902edbeb0672eb46b8d6d6801264","name":"rmmedia","image":{"@type":"ImageObject","inLanguage":"en-GB","@id":"https:\/\/rmmedia.hu\/#\/schema\/person\/image\/","url":"https:\/\/rmmedia.hu\/wp-content\/uploads\/2021\/07\/RM-logo-kek.png","contentUrl":"https:\/\/rmmedia.hu\/wp-content\/uploads\/2021\/07\/RM-logo-kek.png","width":845,"height":845,"caption":"rmmedia"},"logo":{"@id":"https:\/\/rmmedia.hu\/#\/schema\/person\/image\/"},"description":"The Boss","sameAs":["http:\/\/rmmedia.hu"]}]}},"_links":{"self":[{"href":"https:\/\/rmmedia.hu\/en\/wp-json\/wp\/v2\/product\/4213","targetHints":{"allow":["GET"]}}],"collection":[{"href":"https:\/\/rmmedia.hu\/en\/wp-json\/wp\/v2\/product"}],"about":[{"href":"https:\/\/rmmedia.hu\/en\/wp-json\/wp\/v2\/types\/product"}],"replies":[{"embeddable":true,"href":"https:\/\/rmmedia.hu\/en\/wp-json\/wp\/v2\/comments?post=4213"}],"wp:featuredmedia":[{"embeddable":true,"href":"https:\/\/rmmedia.hu\/en\/wp-json\/wp\/v2\/media\/4060"}],"wp:attachment":[{"href":"https:\/\/rmmedia.hu\/en\/wp-json\/wp\/v2\/media?parent=4213"}],"wp:term":[{"taxonomy":"product_brand","embeddable":true,"href":"https:\/\/rmmedia.hu\/en\/wp-json\/wp\/v2\/product_brand?post=4213"},{"taxonomy":"product_cat","embeddable":true,"href":"https:\/\/rmmedia.hu\/en\/wp-json\/wp\/v2\/product_cat?post=4213"},{"taxonomy":"product_tag","embeddable":true,"href":"https:\/\/rmmedia.hu\/en\/wp-json\/wp\/v2\/product_tag?post=4213"}],"curies":[{"name":"wp","href":"https:\/\/api.w.org\/{rel}","templated":true}]}}